{"id":10485,"date":"2016-02-23T14:45:16","date_gmt":"2016-02-23T14:45:16","guid":{"rendered":"https:\/\/www.indoasia-tours.com\/de\/destination-weddings\/"},"modified":"2023-01-19T11:10:17","modified_gmt":"2023-01-19T05:40:17","slug":"destination-hochzeiten","status":"publish","type":"page","link":"https:\/\/www.indoasia-tours.com\/de\/destination-hochzeiten\/","title":{"rendered":"Destination Hochzeiten"},"content":{"rendered":"<p>[vc_row type=&#8221;full_width&#8221;][vc_column][vc_row_inner type=&#8221;grid&#8221;][vc_column_inner][vc_column_text]<\/p>\n<p style=\"font-size: 24px; line-height: 31px;\">Die indische Landschaft ist eine hervorragende Kulisse f\u00fcr den besonderen Anlass einer Hochzeit. Kein Wunder, dass es eines der f\u00fchrenden L\u00e4nder f\u00fcr die Hoczeitsfeier ist. Ob atemberaubende Pal\u00e4ste und Forts, Backwaters oder Str\u00e4nde, die in das orangefarbene Licht der Sonnenunterg\u00e4nge getaucht sind &#8211; Indien bietet den perfekten Rahmen, um in diesen wunderbaren Lebensabschnitt einzutreten.<\/p>\n<p>[\/vc_column_text][\/vc_column_inner][\/vc_row_inner][vc_row_inner type=&#8221;grid&#8221;][vc_column_inner][vc_column_text]Dar\u00fcber hinaus verf\u00fcgt Indien \u00fcber ein hervorragendes Repertoire an reichhaltiger K\u00fcche und religi\u00f6sen Zeremonien, die den Anlass lebendig werden lassen &#8211; der Einzug des Br\u00e4utigams auf dem R\u00fccken eines Pferdes in einen Palast, die Ankunft der Braut auf einer S\u00e4nfte auf dem R\u00fccken eines Elefanten, traditionelle T\u00e4nze, Volksmusik und eine Vielzahl von Gerichten machen den Anlass zu einer lang anhaltenden Erinnerung. Bei Indo Asia Tours sind wir in der Lage, alle Ihre individuellen W\u00fcnsche zu erf\u00fcllen und k\u00f6nnen auch Ihre Flitterwochen nach der Hochzeit planen.[\/vc_column_text][\/vc_column_inner][\/vc_row_inner][\/vc_column][\/vc_row][vc_row type=&#8221;full_width&#8221; css=&#8221;.vc_custom_1473769922376{padding-top: 50px !important;padding-bottom: 50px !important;background-color: #f8f8f8 !important;}&#8221; el_id=&#8221;wedding-destinations&#8221;][vc_column][vc_row_inner type=&#8221;grid&#8221;][vc_column_inner]<h1 class=\"heading heading-underlined\"><em>Oben<\/em><br \/>\nHOCHZEIT<br \/>\nREISEZIELE<\/h1>[\/vc_column_inner][\/vc_row_inner][vc_row_inner type=&#8221;grid&#8221;][vc_column_inner][vc_column_text]<div class=\"wedding-destinations\"><div class=\"row\"><div class=\"col-md-6\"><div class=\"wedding-destinations-carousel\"><div class=\"owl-carousel four-column-carousel\"><div class=\"item\"><a href=\"#\" data-id=\"10488\" class=\"selected\">Udaipur<\/a><\/div><div class=\"item\"><a href=\"#\" data-id=\"10489\">Chittorgarh<\/a><\/div><div class=\"item\"><a href=\"#\" data-id=\"10490\">Kumbhalgarh<\/a><\/div><div class=\"item\"><a href=\"#\" data-id=\"10491\">Jodhpur<\/a><\/div><div class=\"item\"><a href=\"#\" data-id=\"10496\">Jaipur<\/a><\/div><div class=\"item\"><a href=\"#\" data-id=\"10492\">Delhi<\/a><\/div><\/div><!--.four-column-carousel--><\/div><!--.wedding-destinations-carousel--><div class=\"wedding-destination-images\"><div class=\"wedding-destination-image\" id=\"wedding_destination_image_10488\" style=\"display:block;\"><div class=\"row\"><div class=\"col-md-12\"><img src=\"https:\/\/www.indoasia-tours.com\/wp-content\/uploads\/2016\/07\/wedding-in-Udaipur.jpg\" class=\"img-responsive\" \/><\/div><\/div><\/div><div class=\"row wedding-destination-social\" id=\"wedding_destination_social_10488\" style=\"display:block;\"><div class=\"col-xs-4\"><a class=\"social-share\" href=\"https:\/\/twitter.com\/intent\/tweet?url=https%3A%2F%2Fwww.indoasia-tours.com%2Fde%2Fwedding-destination%2Fudaipur%2F&title=Udaipur\"><i class=\"fa fa-twitter\"><\/i> Tweet<\/a><\/div><div class=\"col-xs-4\"><a class=\"social-share\" href=\"https:\/\/www.facebook.com\/sharer\/sharer.php?u=https%3A%2F%2Fwww.indoasia-tours.com%2Fde%2Fwedding-destination%2Fudaipur%2F&title=Udaipur\"><i class=\"fa fa-facebook\"><\/i> Share<\/a><\/div><div class=\"col-xs-4\"><a class=\"social-share\" href=\"https:\/\/plus.google.com\/share?url=https%3A%2F%2Fwww.indoasia-tours.com%2Fde%2Fwedding-destination%2Fudaipur%2F\"><i class=\"fa fa-google-plus\"><\/i> Share<\/a><\/div><\/div><div class=\"wedding-destination-image\" id=\"wedding_destination_image_10489\"><div class=\"row\"><div class=\"col-md-12\"><img src=\"https:\/\/www.indoasia-tours.com\/wp-content\/uploads\/2016\/07\/wedding-Chittorgarh.jpg\" class=\"img-responsive\" \/><\/div><\/div><\/div><div class=\"row wedding-destination-social\" id=\"wedding_destination_social_10489\"><div class=\"col-xs-4\"><a class=\"social-share\" href=\"https:\/\/twitter.com\/intent\/tweet?url=https%3A%2F%2Fwww.indoasia-tours.com%2Fde%2Fwedding-destination%2Fchittorgarh%2F&title=Chittorgarh\"><i class=\"fa fa-twitter\"><\/i> Tweet<\/a><\/div><div class=\"col-xs-4\"><a class=\"social-share\" href=\"https:\/\/www.facebook.com\/sharer\/sharer.php?u=https%3A%2F%2Fwww.indoasia-tours.com%2Fde%2Fwedding-destination%2Fchittorgarh%2F&title=Chittorgarh\"><i class=\"fa fa-facebook\"><\/i> Share<\/a><\/div><div class=\"col-xs-4\"><a class=\"social-share\" href=\"https:\/\/plus.google.com\/share?url=https%3A%2F%2Fwww.indoasia-tours.com%2Fde%2Fwedding-destination%2Fchittorgarh%2F\"><i class=\"fa fa-google-plus\"><\/i> Share<\/a><\/div><\/div><div class=\"wedding-destination-image\" id=\"wedding_destination_image_10490\"><div class=\"row\"><div class=\"col-md-12\"><img src=\"https:\/\/www.indoasia-tours.com\/wp-content\/uploads\/2016\/07\/wedding-Kumbhalgarh.jpg\" class=\"img-responsive\" \/><\/div><\/div><\/div><div class=\"row wedding-destination-social\" id=\"wedding_destination_social_10490\"><div class=\"col-xs-4\"><a class=\"social-share\" href=\"https:\/\/twitter.com\/intent\/tweet?url=https%3A%2F%2Fwww.indoasia-tours.com%2Fde%2Fwedding-destination%2Fkumbhalgarh%2F&title=Kumbhalgarh\"><i class=\"fa fa-twitter\"><\/i> Tweet<\/a><\/div><div class=\"col-xs-4\"><a class=\"social-share\" href=\"https:\/\/www.facebook.com\/sharer\/sharer.php?u=https%3A%2F%2Fwww.indoasia-tours.com%2Fde%2Fwedding-destination%2Fkumbhalgarh%2F&title=Kumbhalgarh\"><i class=\"fa fa-facebook\"><\/i> Share<\/a><\/div><div class=\"col-xs-4\"><a class=\"social-share\" href=\"https:\/\/plus.google.com\/share?url=https%3A%2F%2Fwww.indoasia-tours.com%2Fde%2Fwedding-destination%2Fkumbhalgarh%2F\"><i class=\"fa fa-google-plus\"><\/i> Share<\/a><\/div><\/div><div class=\"wedding-destination-image\" id=\"wedding_destination_image_10491\"><div class=\"row\"><div class=\"col-md-12\"><img src=\"https:\/\/www.indoasia-tours.com\/wp-content\/uploads\/2016\/02\/wedding-jodhpur.jpg\" class=\"img-responsive\" \/><\/div><\/div><\/div><div class=\"row wedding-destination-social\" id=\"wedding_destination_social_10491\"><div class=\"col-xs-4\"><a class=\"social-share\" href=\"https:\/\/twitter.com\/intent\/tweet?url=https%3A%2F%2Fwww.indoasia-tours.com%2Fde%2Fwedding-destination%2Fjodhpur%2F&title=Jodhpur\"><i class=\"fa fa-twitter\"><\/i> Tweet<\/a><\/div><div class=\"col-xs-4\"><a class=\"social-share\" href=\"https:\/\/www.facebook.com\/sharer\/sharer.php?u=https%3A%2F%2Fwww.indoasia-tours.com%2Fde%2Fwedding-destination%2Fjodhpur%2F&title=Jodhpur\"><i class=\"fa fa-facebook\"><\/i> Share<\/a><\/div><div class=\"col-xs-4\"><a class=\"social-share\" href=\"https:\/\/plus.google.com\/share?url=https%3A%2F%2Fwww.indoasia-tours.com%2Fde%2Fwedding-destination%2Fjodhpur%2F\"><i class=\"fa fa-google-plus\"><\/i> Share<\/a><\/div><\/div><div class=\"wedding-destination-image\" id=\"wedding_destination_image_10496\"><div class=\"row\"><div class=\"col-md-12\"><img src=\"https:\/\/www.indoasia-tours.com\/wp-content\/uploads\/2016\/02\/wedding-jaipur.jpg\" class=\"img-responsive\" \/><\/div><\/div><\/div><div class=\"row wedding-destination-social\" id=\"wedding_destination_social_10496\"><div class=\"col-xs-4\"><a class=\"social-share\" href=\"https:\/\/twitter.com\/intent\/tweet?url=https%3A%2F%2Fwww.indoasia-tours.com%2Fde%2Fwedding-destination%2Fjaipur%2F&title=Jaipur\"><i class=\"fa fa-twitter\"><\/i> Tweet<\/a><\/div><div class=\"col-xs-4\"><a class=\"social-share\" href=\"https:\/\/www.facebook.com\/sharer\/sharer.php?u=https%3A%2F%2Fwww.indoasia-tours.com%2Fde%2Fwedding-destination%2Fjaipur%2F&title=Jaipur\"><i class=\"fa fa-facebook\"><\/i> Share<\/a><\/div><div class=\"col-xs-4\"><a class=\"social-share\" href=\"https:\/\/plus.google.com\/share?url=https%3A%2F%2Fwww.indoasia-tours.com%2Fde%2Fwedding-destination%2Fjaipur%2F\"><i class=\"fa fa-google-plus\"><\/i> Share<\/a><\/div><\/div><\/div><!--.wedding-destination-images--><\/div><!--.col-md-6--><div class=\"col-md-6\"><div class=\"wedding-destination-details\"><div class=\"wedding-destination-detail\" id=\"wedding_destination_details_10488\" style=\"display:block;\"><div class=\"row\"><div class=\"col-md-1\"><\/div><div class=\"col-md-11\"><div class=\"wedding-destination-title\"><span>UDAIPUR, INDIA<\/span><h3>Udaipur<\/h3><\/div><\/div><div class=\"col-md-1\"><img class=\"wedding-destination-icon\" src=\"https:\/\/www.indoasia-tours.com\/wp-content\/themes\/iat\/images\/overviewimage.png\" \/><\/div><div class=\"col-md-11\"><h4 class=\"wedding-destination-heading\">\u00dcberblick<\/h4><div class=\"wedding-destination-content\"><p>Egal, wo in der Stadt Sie Ihre Hochzeit abhalten, die Kulisse des Sees und des dahinter liegenden Stadtpalastes ist ein Muss. Die kleine Stadt ist leicht zu erreichen und verf\u00fcgt \u00fcber ein reiches Kulturerbe. Es gibt eine Reihe von F\u00fcnf-Sterne-Hotels rund um den See mit ausgezeichneten Einrichtungen und Annehmlichkeiten. Aber es ist die Kulisse, die alles andere in dieser wundersch\u00f6nen Stadt der Seen \u00fcbertrumpft.<\/p>\n<\/div><\/div><div class=\"col-md-1\"><img class=\"wedding-destination-icon\" src=\"https:\/\/www.indoasia-tours.com\/wp-content\/themes\/iat\/images\/topplaces.png\" \/><\/div><div class=\"col-md-11\"><h4 class=\"wedding-destination-heading\">Treffpunkt<\/h4><p class=\"wedding-destination-venues\">Taj Lake Palace | Oberoi Udaivilas | Leela Palace | Lalit Laxmi Vilas | Trident Udaipur<\/p><\/div><div class=\"col-md-1\"><\/div><div class=\"col-md-11\"><\/div><\/div><!----><\/div><!----><div class=\"wedding-destination-detail\" id=\"wedding_destination_details_10489\"><div class=\"row\"><div class=\"col-md-1\"><\/div><div class=\"col-md-11\"><div class=\"wedding-destination-title\"><span>CHITTORGARH, INDIA<\/span><h3>Chittorgarh<\/h3><\/div><\/div><div class=\"col-md-1\"><img class=\"wedding-destination-icon\" src=\"https:\/\/www.indoasia-tours.com\/wp-content\/themes\/iat\/images\/overviewimage.png\" \/><\/div><div class=\"col-md-11\"><h4 class=\"wedding-destination-heading\">\u00dcberblick<\/h4><div class=\"wedding-destination-content\"><p>Das Highlight dieser Stadt ist das Fort &#8211; eines der gr\u00f6\u00dften in Indien &#8211; und das historische Erbe, das es besitzt. Chittorgarh in Rajasthan ist ein gro\u00dfartiger Ort f\u00fcr Hochzeiten, da es eine gro\u00dfartige und einzigartige Kulisse bietet.\u00a0\u00a0Das Fort stammt aus dem 7. Jahrhundert und versetzt einen sofort in eine vergangene \u00c4ra. Die besondere Atmosph\u00e4re dieser Hochzeit ist kaum zu \u00fcbersehen.<\/p>\n<\/div><\/div><div class=\"col-md-1\"><img class=\"wedding-destination-icon\" src=\"https:\/\/www.indoasia-tours.com\/wp-content\/themes\/iat\/images\/topplaces.png\" \/><\/div><div class=\"col-md-11\"><h4 class=\"wedding-destination-heading\">Treffpunkt<\/h4><p class=\"wedding-destination-venues\">Akola Garh Resort | Das Elegance Resort<\/p><\/div><div class=\"col-md-1\"><\/div><div class=\"col-md-11\"><\/div><\/div><!----><\/div><!----><div class=\"wedding-destination-detail\" id=\"wedding_destination_details_10490\"><div class=\"row\"><div class=\"col-md-1\"><\/div><div class=\"col-md-11\"><div class=\"wedding-destination-title\"><span>KUMBHALGARH, INDIA<\/span><h3>Kumbhalgarh<\/h3><\/div><\/div><div class=\"col-md-1\"><img class=\"wedding-destination-icon\" src=\"https:\/\/www.indoasia-tours.com\/wp-content\/themes\/iat\/images\/overviewimage.png\" \/><\/div><div class=\"col-md-11\"><h4 class=\"wedding-destination-heading\">\u00dcberblick<\/h4><div class=\"wedding-destination-content\"><p>Durchdrungen vom Erbe der k\u00f6niglichen Familien, die Rajasthan regierten, k\u00f6nnen Sie sicher sein, dass eine Hochzeit hier nichts weniger als eine legend\u00e4re Angelegenheit ist, voll von Elefanten, S\u00e4nften, reichem Wandteppich aus Textilien zur Dekoration, Blumen und traditioneller K\u00fcche. Eine Hochzeit im Kumbhalgarh Fort ist einfach wie ein M\u00e4rchen.<\/p>\n<\/div><\/div><div class=\"col-md-1\"><img class=\"wedding-destination-icon\" src=\"https:\/\/www.indoasia-tours.com\/wp-content\/themes\/iat\/images\/topplaces.png\" \/><\/div><div class=\"col-md-11\"><h4 class=\"wedding-destination-heading\">Treffpunkt<\/h4><p class=\"wedding-destination-venues\">Devi Palace Resort | Das Aodhi | Dera Kumbhalgarh | Kumbhalgarh Forest Retreat | Kumbhalgarh Safari Camp | Das Haveli Resort | Das Kumbha Bagh | Das Wild Retreat | Tiger Valley Resort<\/p><\/div><div class=\"col-md-1\"><\/div><div class=\"col-md-11\"><\/div><\/div><!----><\/div><!----><div class=\"wedding-destination-detail\" id=\"wedding_destination_details_10491\"><div class=\"row\"><div class=\"col-md-1\"><\/div><div class=\"col-md-11\"><div class=\"wedding-destination-title\"><span>JODHPUR, INDIA<\/span><h3>Jodhpur<\/h3><\/div><\/div><div class=\"col-md-1\"><img class=\"wedding-destination-icon\" src=\"https:\/\/www.indoasia-tours.com\/wp-content\/themes\/iat\/images\/overviewimage.png\" \/><\/div><div class=\"col-md-11\"><h4 class=\"wedding-destination-heading\">\u00dcberblick<\/h4><div class=\"wedding-destination-content\"><p>Das reichste Erbe der Royals stammt aus einem der wichtigsten Teile Rajasthans &#8211; Jodhpur. Hier finden Sie Pal\u00e4ste und Havelis, um Ihre G\u00e4ste unterzubringen und ein Heritage-Hotel f\u00fcr die verschiedenen Zeremonien zu nutzen. Gut ausgestattet mit modernen Annehmlichkeiten, aber dennoch eingetaucht in ein Erbe Vibe, ist dies ein gro\u00dfartiger Ort, um die Hochzeit zu planen.<\/p>\n<\/div><\/div><div class=\"col-md-1\"><img class=\"wedding-destination-icon\" src=\"https:\/\/www.indoasia-tours.com\/wp-content\/themes\/iat\/images\/topplaces.png\" \/><\/div><div class=\"col-md-11\"><h4 class=\"wedding-destination-heading\">Treffpunkt<\/h4><p class=\"wedding-destination-venues\">Umaid Bhawan | Ajit Bhawan | Vivanta- Taj Hari Mahal | Indana Palace | Ranbanka Palace | Samsara Resort<\/p><\/div><div class=\"col-md-1\"><\/div><div class=\"col-md-11\"><\/div><\/div><!----><\/div><!----><div class=\"wedding-destination-detail\" id=\"wedding_destination_details_10496\"><div class=\"row\"><div class=\"col-md-1\"><\/div><div class=\"col-md-11\"><div class=\"wedding-destination-title\"><span>JAIPUR, INDIA<\/span><h3>Jaipur<\/h3><\/div><\/div><div class=\"col-md-1\"><img class=\"wedding-destination-icon\" src=\"https:\/\/www.indoasia-tours.com\/wp-content\/themes\/iat\/images\/overviewimage.png\" \/><\/div><div class=\"col-md-11\"><h4 class=\"wedding-destination-heading\">\u00dcberblick<\/h4><div class=\"wedding-destination-content\"><p>Zug\u00e4nglichkeit, kulturelles Erbe und Bequemlichkeit sind die drei Gr\u00fcnde, warum Jaipur ganz oben auf der Liste der Veranstaltungsorte f\u00fcr Hochzeiten stehen sollte. Die in Rosa getuenschte Stadt kann eine Hochzeit im gro\u00dfen Stil und dennoch in intimer Atmosph\u00e4re veranstalten. Dar\u00fcber hinaus gibt es reichlich M\u00f6glichkeiten, die verschiedenen Zeremonien in historischen H\u00e4usern, Hotels, ehemaligen Pal\u00e4sten und Havelis abzuhalten. Umgeben von den Aravalis, ist die Stadt eine perfekte Mischung aus alt und neu, damit die Hochzeit ein voller Erfolg wird.<\/p>\n<\/div><\/div><div class=\"col-md-1\"><img class=\"wedding-destination-icon\" src=\"https:\/\/www.indoasia-tours.com\/wp-content\/themes\/iat\/images\/topplaces.png\" \/><\/div><div class=\"col-md-11\"><h4 class=\"wedding-destination-heading\">Treffpunkt<\/h4><p class=\"wedding-destination-venues\">Taj Rambagh Palace | Jai Mahal Palace | Samode Palace & Haveli | Jaipur Marriot Hotel | Hari Mahal Palace | Neemrana Fort Palace<\/p><\/div><div class=\"col-md-1\"><\/div><div class=\"col-md-11\"><\/div><\/div><!----><\/div><!----><div class=\"wedding-destination-detail\" id=\"wedding_destination_details_10492\"><div class=\"row\"><div class=\"col-md-1\"><\/div><div class=\"col-md-11\"><div class=\"wedding-destination-title\"><span>DELHI, INDIA<\/span><h3>Delhi<\/h3><\/div><\/div><div class=\"col-md-1\"><img class=\"wedding-destination-icon\" src=\"https:\/\/www.indoasia-tours.com\/wp-content\/themes\/iat\/images\/overviewimage.png\" \/><\/div><div class=\"col-md-11\"><h4 class=\"wedding-destination-heading\">\u00dcberblick<\/h4><div class=\"wedding-destination-content\"><p>The national capital is rife with experiences, facilities, amenities and character \u2013 all needed to make a destination wedding a success. Luxurious hotels and old vintage havelis can make for a stunning backdrop, while the rest of the modern services fit in seamlessly with the wedding. The food is yet another highlight of the city , offering both exclusive Mughlai and other cuisines with ease. Delhi is also well connected for guests to arrive at the wedding and be accommodated with ease.<\/p>\n<\/div><\/div><div class=\"col-md-1\"><img class=\"wedding-destination-icon\" src=\"https:\/\/www.indoasia-tours.com\/wp-content\/themes\/iat\/images\/topplaces.png\" \/><\/div><div class=\"col-md-11\"><h4 class=\"wedding-destination-heading\">Treffpunkt<\/h4><p class=\"wedding-destination-venues\">Palm Greens | Victorian Palace | Mantram Resort | Bharatiyam Village | Shangri-La Eros Hotel | The Uppal | Four Points by Sheraton | Grand Uniara | Crowne Plaza<\/p><\/div><div class=\"col-md-1\"><\/div><div class=\"col-md-11\"><a class=\"item-link fancybox-gallery\" data-id=\"10492\" href=\"#\"><i class=\"glyphicon glyphicon-camera\"><\/i> Bildergalerie<\/i><\/a><script>var gallery_10492 = [{\"href\":\"https:\\\/\\\/www.indoasia-tours.com\\\/wp-content\\\/uploads\\\/2016\\\/02\\\/boutiquebanner.png\",\"title\":\"boutiquebanner\"},{\"href\":\"https:\\\/\\\/www.indoasia-tours.com\\\/wp-content\\\/uploads\\\/2016\\\/02\\\/staysbanner3.png\",\"title\":\"staysbanner3\"}];<\/script> <\/div><\/div><!----><\/div><!----><\/div><!--.wedding-destination-details--><\/div><!--.col-md-6--><\/div><!--.row--><\/div><!--.wedding-destinations-->[\/vc_column_text][\/vc_column_inner][\/vc_row_inner][\/vc_column][\/vc_row]<\/p>\n","protected":false},"excerpt":{"rendered":"<p>[vc_row type=&#8221;full_width&#8221;][vc_column][vc_row_inner type=&#8221;grid&#8221;][vc_column_inner][vc_column_text] Die indische Landschaft ist eine hervorragende Kulisse f\u00fcr den besonderen Anlass einer Hochzeit. Kein Wunder, dass es eines der f\u00fchrenden L\u00e4nder f\u00fcr die Hoczeitsfeier ist. Ob atemberaubende Pal\u00e4ste und Forts, Backwaters oder Str\u00e4nde, die in das orangefarbene Licht der Sonnenunterg\u00e4nge getaucht sind &#8211; Indien bietet den perfekten Rahmen, um in diesen wunderbaren [&hellip;]<\/p>\n","protected":false},"author":1,"featured_media":4429,"parent":0,"menu_order":0,"comment_status":"closed","ping_status":"closed","template":"","meta":[],"aioseo_notices":[],"_links":{"self":[{"href":"https:\/\/www.indoasia-tours.com\/de\/wp-json\/wp\/v2\/pages\/10485"}],"collection":[{"href":"https:\/\/www.indoasia-tours.com\/de\/wp-json\/wp\/v2\/pages"}],"about":[{"href":"https:\/\/www.indoasia-tours.com\/de\/wp-json\/wp\/v2\/types\/page"}],"author":[{"embeddable":true,"href":"https:\/\/www.indoasia-tours.com\/de\/wp-json\/wp\/v2\/users\/1"}],"replies":[{"embeddable":true,"href":"https:\/\/www.indoasia-tours.com\/de\/wp-json\/wp\/v2\/comments?post=10485"}],"version-history":[{"count":3,"href":"https:\/\/www.indoasia-tours.com\/de\/wp-json\/wp\/v2\/pages\/10485\/revisions"}],"predecessor-version":[{"id":11690,"href":"https:\/\/www.indoasia-tours.com\/de\/wp-json\/wp\/v2\/pages\/10485\/revisions\/11690"}],"wp:featuredmedia":[{"embeddable":true,"href":"https:\/\/www.indoasia-tours.com\/de\/wp-json\/wp\/v2\/media\/4429"}],"wp:attachment":[{"href":"https:\/\/www.indoasia-tours.com\/de\/wp-json\/wp\/v2\/media?parent=10485"}],"curies":[{"name":"wp","href":"https:\/\/api.w.org\/{rel}","templated":true}]}}