{"id":11286,"date":"2016-06-15T08:52:06","date_gmt":"2016-06-15T08:52:06","guid":{"rendered":"https:\/\/www.indoasia-tours.com\/de\/bhutan\/"},"modified":"2023-01-19T11:11:22","modified_gmt":"2023-01-19T05:41:22","slug":"bhutan","status":"publish","type":"page","link":"https:\/\/www.indoasia-tours.com\/de\/bhutan\/","title":{"rendered":"Bhutan"},"content":{"rendered":"<p>[vc_row type=&#8221;grid&#8221; css=&#8221;.vc_custom_1462033078187{padding-bottom: 50px !important;}&#8221;][vc_column][vc_tta_tabs style=&#8221;modern&#8221; shape=&#8221;square&#8221; color=&#8221;white&#8221; alignment=&#8221;center&#8221; active_section=&#8221;1&#8243; no_fill_content_area=&#8221;true&#8221; el_class=&#8221;destination-tabs&#8221;][vc_tta_section title=&#8221;Warum besuchen&#8221; tab_id=&#8221;why-visit&#8221;][vc_column_text]Einfaches Leben und hohes Denken ist das Heilsversprechen der\u00a0<span class=\"markkqxo710x2\" data-markjs=\"true\" data-ogac=\"\" data-ogab=\"\" data-ogsc=\"\" data-ogsb=\"\">Bhutan<\/span>er.\u00a0<span class=\"markkqxo710x2\" data-markjs=\"true\" data-ogac=\"\" data-ogab=\"\" data-ogsc=\"\" data-ogsb=\"\">Bhutan<\/span>\u00a0ist ein Land, das sein Gl\u00fcck statistisch erfasst (Bruttonationalgl\u00fcck) und von westlichen Einfl\u00fcssen wunderbar abgeschottet ist &#8211; ein Erlebnis der anderen Art. Die Kl\u00f6ster auf den H\u00fcgeln, das pulsierende Leben der Einheimischen, die Feste und die reiche biologische Vielfalt machen es zu einem der begehrtesten Reiseziele f\u00fcr unkonventionelle Reisende. Es ist ein faszinierendes Land, in dem der K\u00f6nig noch immer verehrt wird. Alles in allem steht\u00a0<span class=\"markkqxo710x2\" data-markjs=\"true\" data-ogac=\"\" data-ogab=\"\" data-ogsc=\"\" data-ogsb=\"\">Bhutan<\/span>\u00a0f\u00fcr eine herzerw\u00e4rmende, charismatische Einfachheit.[\/vc_column_text][\/vc_tta_section][vc_tta_section title=&#8221;WETTER&#8221; tab_id=&#8221;climate&#8221;][vc_column_text]Eine Reise nach Bhutan kann das ganze Jahr \u00fcber geplant werden, aber die besten Reisezeiten liegen zwischen M\u00e4rz und Mai und September und November. Die Wintermonate von Mitte November bis Mitte M\u00e4rz sind kalt. Der Monsun setzt in der Regel Mitte Juni ein. Es regnet leicht w\u00e4hrend des Monsuns haupts\u00e4chlich nachmittags und abends. Die Topographie Bhutans reicht von den fast tropischen Ebenen in der N\u00e4he Indiens (im S\u00fcden) bis zu den schneebedeckten Bergen an der Grenze zu Tibet (im Norden). Die Temperaturen schwanken stark zwischen Tag und Nacht. Reisenden wird empfohlen, sich entsprechend zu kleiden, damit sie trotz der Temperaturschwankungen die landschaftlichen Sch\u00f6nheiten und das Leben vor Ort genie\u00dfen k\u00f6nnen.[\/vc_column_text][\/vc_tta_section][\/vc_tta_tabs][\/vc_column][\/vc_row][vc_row type=&#8221;full_width&#8221; css=&#8221;.vc_custom_1462467122577{background-color: #f5f6f0 !important;}&#8221; el_class=&#8221;destination&#8221;][vc_column][vc_row_inner type=&#8221;grid&#8221;][vc_column_inner]<h1 class=\"heading heading-centered heading-italic heading-underlined\"><span style=\"font-size: 72px;\">Wichtige St\u00e4dte \/ Touristische Orte<\/span><\/h1>[\/vc_column_inner][\/vc_row_inner][vc_row_inner type=&#8221;grid&#8221;][vc_column_inner][vc_column_text]<img class=\"aligncenter\" src=\"https:\/\/www.indoasia-tours.com\/wp-content\/uploads\/2016\/06\/major-city-3.jpg\" alt=\"major-city\" \/>[\/vc_column_text][\/vc_column_inner][\/vc_row_inner][vc_row_inner type=&#8221;grid&#8221;][vc_column_inner width=&#8221;1\/4&#8243;][\/vc_column_inner][vc_column_inner width=&#8221;3\/4&#8243;][vc_column_text]Das reizvolle Ambiente und die gl\u00fccklichen Bewohner aller St\u00e4dte\u00a0<span class=\"markkqxo710x2\" data-markjs=\"true\" data-ogac=\"\" data-ogab=\"\" data-ogsc=\"\" data-ogsb=\"\">Bhutan<\/span>s machen das Land zur gl\u00fccklichsten Nation der Welt. Thimphu und Paro, die beliebtesten St\u00e4dte, sind die erwarteten Ziele auf den Reiserouten. Aber auch Punakha, Bumthang, Gangtey und viele andere Ortschaften bieten einen Einblick in das Leben und die Geschichte des Landes. Wenden Sie sich dem Klassischem und dem Ungew\u00f6hnlichen zu, um einen echten Eindruck von\u00a0<span class=\"markkqxo710x2\" data-markjs=\"true\" data-ogac=\"\" data-ogab=\"\" data-ogsc=\"\" data-ogsb=\"\">Bhutan<\/span>\u00a0zu bekommen.[\/vc_column_text][\/vc_column_inner][\/vc_row_inner][vc_row_inner type=&#8221;grid&#8221; el_class=&#8221;textup1&#8243;][vc_column_inner el_class=&#8221;textup1&#8243;][vc_column_text]<div class=\"destinations-carousel\"><div class=\"owl-carousel three-column-carousel\"><div class=\"item\"><h3>Phuentsholing<\/h3><div class=\"destination-content\"><div class=\"destination-location\">BHUTAN<\/div><img src=\"https:\/\/www.indoasia-tours.com\/wp-content\/uploads\/2016\/08\/Phuentsholing.jpg\" class=\"img-responsive\" \/><div class=\"destination-description\">huentsholing liegt im S\u00fcden\u00a0<span class=\"markq5vtxuc21\" data-markjs=\"true\" data-ogac=\"\" data-ogab=\"\" data-ogsc=\"\" data-ogsb=\"\">Bhutan<\/span>s und hat eine gemeinsame Grenze mit Indien, aber beide L\u00e4nder sind sehr unterschiedlich. Abgesehen von der atemberaubenden Aussicht auf die Berge und der frischen Luft, die sich ideal f\u00fcr kurze Wanderungen eignet, ist die Stadt f\u00fcr ihre Teppichweberei, eine buddhistische Hochschule namens Palden Tashi Chholing Sherda und ein Krokodilzuchtzentrum bekannt. Die Stadt dient auch als bequemer Ein- und Ausreisepunkt nach\u00a0<span class=\"markq5vtxuc21\" data-markjs=\"true\" data-ogac=\"\" data-ogab=\"\" data-ogsc=\"\" data-ogsb=\"\">Bhutan<\/span>\u00a0und als wichtige Verbindung zum indischen Staat Westbengalen und Sikkim.<\/div><\/div><\/div><div class=\"item\"><h3>Samdrup Jongkhar<\/h3><div class=\"destination-content\"><div class=\"destination-location\">BHUTAN<\/div><img src=\"https:\/\/www.indoasia-tours.com\/wp-content\/uploads\/2016\/08\/Samdrup-Jongkhar.jpg\" class=\"img-responsive\" \/><div class=\"destination-description\">Samdrup Jongkhar liegt am s\u00fcd\u00f6stlichen Rand von\u00a0<span class=\"markq5vtxuc21\" data-markjs=\"true\" data-ogac=\"\" data-ogab=\"\" data-ogsc=\"\" data-ogsb=\"\">Bhutan<\/span>\u00a0an der Grenze zum indischen Bundesstaat Assam. Die Stadt ist in erster Linie eine Industriestadt und ein wirtschaftliches Zentrum des Landes. Das Erbe der Stadt liegt im Handel, denn hier verlief in den 1960er Jahren auch die fr\u00fchere Handelsstra\u00dfe.<\/div><\/div><\/div><\/div><\/div>[\/vc_column_text][\/vc_column_inner][\/vc_row_inner][\/vc_column][\/vc_row][vc_row type=&#8221;full_width&#8221; css=&#8221;.vc_custom_1469439788753{background-color: #ffffff !important;}&#8221; el_class=&#8221;destination&#8221;][vc_column][vc_row_inner type=&#8221;grid&#8221;][vc_column_inner]<h1 class=\"heading heading-centered heading-italic heading-underlined\"><span style=\"font-size: 72px;\">Ikonische Ortschaften<\/span><\/h1>[\/vc_column_inner][\/vc_row_inner][vc_row_inner type=&#8221;grid&#8221;][vc_column_inner][vc_column_text]<img class=\"alignnone\" src=\"https:\/\/www.indoasia-tours.com\/wp-content\/uploads\/2016\/06\/tiger-nest.jpg\" alt=\"tiger-nest\" \/>[\/vc_column_text][\/vc_column_inner][\/vc_row_inner][vc_row_inner type=&#8221;grid&#8221;][vc_column_inner width=&#8221;1\/4&#8243;][\/vc_column_inner][vc_column_inner width=&#8221;3\/4&#8243;][vc_column_text]Neben der Hauptstadt Thimphu stehen auch St\u00e4dte wie Paro und Punakha ganz oben auf der Liste der Reisenden. In Paro geh\u00f6ren Sehensw\u00fcrdigkeiten wie der Paro Dzong, der Drukgyel Dzong, das Nationalmuseum und der Basar zu den H\u00f6hepunkten. Im Punakha-Tal kann man sich an den atemberaubenden Aussichten erfreuen. Der Dochula-Pass zwischen Thimphu und Punakha bietet spektakul\u00e4re Ausblicke auf die hoch aufragenden Gipfel. Trongsa und Bumthang sind die anderen Orte, die man nicht verpassen sollte.[\/vc_column_text][\/vc_column_inner][\/vc_row_inner][vc_row_inner type=&#8221;grid&#8221; el_class=&#8221;textup1&#8243;][vc_column_inner el_class=&#8221;textup1&#8243;][vc_column_text]<div class=\"destinations-carousel\"><div class=\"owl-carousel three-column-carousel\"><\/div><\/div>[\/vc_column_text][\/vc_column_inner][\/vc_row_inner][\/vc_column][\/vc_row][vc_row type=&#8221;full_width&#8221; el_class=&#8221;destination&#8221; css=&#8221;.vc_custom_1469439797543{background-color: #f5f6f0 !important;}&#8221;][vc_column][vc_row_inner type=&#8221;grid&#8221;][vc_column_inner]<h1 class=\"heading heading-centered heading-italic heading-underlined\"><span style=\"font-size: 72px;\">Erlebnisse<\/span><\/h1>[\/vc_column_inner][\/vc_row_inner][vc_row_inner type=&#8221;grid&#8221;][vc_column_inner][vc_column_text]<img class=\"alignnone\" src=\"https:\/\/www.indoasia-tours.com\/wp-content\/uploads\/2016\/06\/experience.jpg\" alt=\"experience\" \/>[\/vc_column_text][\/vc_column_inner][\/vc_row_inner][vc_row_inner type=&#8221;grid&#8221;][vc_column_inner width=&#8221;1\/4&#8243;][\/vc_column_inner][vc_column_inner width=&#8221;3\/4&#8243;][vc_column_text]Unter den vielen abenteuerlichen und kulturellen Erlebnissen steht dam Erklimmen zum Tigernestklosters (Taktsang Palphug Monastery) auf der Liste der wichtigsten Erlebnisse in\u00a0<span class=\"markkqxo710x2\" data-markjs=\"true\" data-ogac=\"\" data-ogab=\"\" data-ogsc=\"\" data-ogsb=\"\">Bhutan<\/span>. Andere Erlebnisse sind der Besuch der vielen Kl\u00f6ster und die buddhistischen Feste, die das ganze Jahr \u00fcber stattfinden. Diese Feste werden in der Landessprache &#8220;Tshechu&#8221; genannt und sind Augenweide, um maskierte T\u00e4nzer und ganze St\u00e4dte in leuchtenden Farben zu sehen. Das Bumthang Tal eignet sich hervorragend f\u00fcr leichte und schwierige Wanderungen.\u00a0<span class=\"markkqxo710x2\" data-markjs=\"true\" data-ogac=\"\" data-ogab=\"\" data-ogsc=\"\" data-ogsb=\"\">Bhutan<\/span>\u00a0bietet ein reichhaltiges Angebot an exklusiven Erlebnissen.[\/vc_column_text][\/vc_column_inner][\/vc_row_inner][vc_row_inner type=&#8221;grid&#8221;][vc_column_inner el_class=&#8221;textup1&#8243;][vc_column_text]<div class=\"destinations-carousel\"><div class=\"owl-carousel three-column-carousel\"><\/div><\/div>[\/vc_column_text][\/vc_column_inner][\/vc_row_inner][\/vc_column][\/vc_row][vc_row type=&#8221;full_width&#8221; css=&#8221;.vc_custom_1469439805477{background-color: #ffffff !important;}&#8221; el_class=&#8221;destination&#8221;][vc_column][vc_row_inner type=&#8221;grid&#8221;][vc_column_inner]<h1 class=\"heading heading-centered heading-italic heading-underlined\"><span style=\"font-size: 72px;\">Feste<\/span><\/h1>[\/vc_column_inner][\/vc_row_inner][vc_row_inner type=&#8221;grid&#8221;][vc_column_inner][vc_column_text]<img class=\"alignnone\" src=\"https:\/\/www.indoasia-tours.com\/wp-content\/uploads\/2016\/06\/festiva.jpg\" alt=\"festival\" \/>[\/vc_column_text][\/vc_column_inner][\/vc_row_inner][vc_row_inner type=&#8221;grid&#8221;][vc_column_inner width=&#8221;1\/4&#8243;][\/vc_column_inner][vc_column_inner width=&#8221;3\/4&#8243;][vc_column_text]Ein Fest oder &#8220;Tshechu&#8221; ist die lebendigste Zeit in\u00a0<span class=\"markkqxo710x2\" data-markjs=\"true\" data-ogac=\"\" data-ogab=\"\" data-ogsc=\"\" data-ogsb=\"\">Bhutan<\/span>. Die meisten Feste finden in Kl\u00f6stern statt, wo maskierte T\u00e4nzer und einheimische Musiker auf der B\u00fchne stehen, w\u00e4hrend die Einheimischen gebannt zusehen. Wenn Sie w\u00e4hrend dieser Feste nach\u00a0<span class=\"markkqxo710x2\" data-markjs=\"true\" data-ogac=\"\" data-ogab=\"\" data-ogsc=\"\" data-ogsb=\"\">Bhutan<\/span>\u00a0reisen, wird Ihre Reise mit Sicherheit eine ganz neue Dimension annehmen. Viele der Feste in\u00a0<span class=\"markkqxo710x2\" data-markjs=\"true\" data-ogac=\"\" data-ogab=\"\" data-ogsc=\"\" data-ogsb=\"\">Bhutan<\/span>\u00a0sind spiritueller Natur und erinnern an die gro\u00dfen buddhistischen Lehrer des Landes. Die Kl\u00f6ster und D\u00f6rfer in ihrer Umgebung sind die besten Pl\u00e4tze, um das ganze Ausma\u00df der Ehrfurcht zu erleben, die die Menschen noch immer empfinden. Das einzigartigste Fest ist das Schwarzhalskranichfest, das im November im Gangtey Gonpa in Phobjikha stattfindet.[\/vc_column_text][\/vc_column_inner][\/vc_row_inner][vc_row_inner type=&#8221;grid&#8221;][vc_column_inner el_class=&#8221;textup1&#8243;][vc_column_text]<div class=\"festivals-carousel\"><div class=\"owl-carousel three-column-carousel\"><\/div><\/div>[\/vc_column_text][\/vc_column_inner][\/vc_row_inner][\/vc_column][\/vc_row][vc_row type=&#8221;full_width&#8221; css=&#8221;.vc_custom_1456158773188{background-color: #f5f6f0 !important;}&#8221;][vc_column][vc_row_inner type=&#8221;grid&#8221;][vc_column_inner]<h2 class=\"heading \">Festival Calendar 2022<\/h2>[vc_separator][\/vc_column_inner][\/vc_row_inner][vc_row_inner type=&#8221;grid&#8221;][vc_column_inner el_class=&#8221;textup1&#8243;][vc_column_text]<div class=\"festivals-calendar\"><div class=\"row\"><\/div><\/div>[\/vc_column_text][\/vc_column_inner][\/vc_row_inner][\/vc_column][\/vc_row][vc_row type=&#8221;full_width&#8221; el_class=&#8221;destination&#8221;][vc_column][vc_row_inner type=&#8221;grid&#8221;][vc_column_inner]<h1 class=\"heading heading-centered heading-italic heading-underlined\"><span style=\"font-size: 72px;\">Top Hotels<\/span><\/h1>[\/vc_column_inner][\/vc_row_inner][vc_row_inner type=&#8221;grid&#8221;][vc_column_inner][vc_column_text]<img class=\"alignnone\" src=\"https:\/\/www.indoasia-tours.com\/wp-content\/uploads\/2016\/06\/stay.jpg\" alt=\"stay\" \/>[\/vc_column_text][\/vc_column_inner][\/vc_row_inner][vc_row_inner type=&#8221;grid&#8221;][vc_column_inner width=&#8221;1\/4&#8243;][\/vc_column_inner][vc_column_inner width=&#8221;3\/4&#8243;][vc_column_text]Es ist unwahrscheinlich, dass man in\u00a0<span class=\"markkqxo710x2\" data-markjs=\"true\" data-ogac=\"\" data-ogab=\"\" data-ogsc=\"\" data-ogsb=\"\">Bhutan<\/span>\u00a0viele hochwertige Hotels findet, aber man kann sich der Qualit\u00e4t und des Komforts sicher sein, da die besseren Hotels vom Tourism Council of\u00a0<span class=\"markkqxo710x2\" data-markjs=\"true\" data-ogac=\"\" data-ogab=\"\" data-ogsc=\"\" data-ogsb=\"\">Bhutan<\/span>\u00a0akkreditiert sind. Traditionelle\u00a0<span class=\"markkqxo710x2\" data-markjs=\"true\" data-ogac=\"\" data-ogab=\"\" data-ogsc=\"\" data-ogsb=\"\">bhutan<\/span>ische \u00c4sthetik ist in den meisten Hotels eine Selbstverst\u00e4ndlichkeit. Das hei\u00dft aber nicht, dass man keinen modernen Luxushotels findet. \u00a0In den meisten Unterk\u00fcnften wird eine Mischung aus lokaler und internationaler K\u00fcche angeboten. Eines haben wahrscheinlich alle Hotels in\u00a0<span class=\"markkqxo710x2\" data-markjs=\"true\" data-ogac=\"\" data-ogab=\"\" data-ogsc=\"\" data-ogsb=\"\">Bhutan<\/span>\u00a0gemeinsam: die malerische Aussicht aus den Fenstern. Es gibt auch eine Reihe von hochwertigen, auf ganzheitliche Heilung ausgerichteten Hotels.[\/vc_column_text][\/vc_column_inner][\/vc_row_inner][vc_row_inner type=&#8221;grid&#8221;][vc_column_inner el_class=&#8221;textup1&#8243;][vc_column_text]<div class=\"stays-carousel\"><div class=\"owl-carousel three-column-carousel\"><div class=\"stay item\"><h3 class=\"textup1\">Termalinca Resort &#038; Spa<span>Bhutan<\/span><\/h3><hr \/><div class=\"stay-info textup1\"><div class=\"stay-website\"><a href=\"http:\/\/termalinca.com\/\" target=\"_blank\">termalinca.com<\/a><\/div><div class=\"stay-location\">Thimphu<\/div><div class=\"stay-category\">Boutique<\/div><\/div><div class=\"stay-description textup1\">Located on the Phuntsholing- Thimphu highway, the resort is suffused in refined simplicity and local architecture.\u00a0 The luxurious rooms and the spa are the highlights of the hotel. Add to that the stunning location at the edge of a river and you have a perfect place to unwind. There are three dining options in the resort.<\/div><\/div><div class=\"stay item\"><h3 class=\"textup1\">Amankora<span>Bhutan<\/span><\/h3><hr \/><div class=\"stay-info textup1\"><div class=\"stay-website\"><a href=\"https:\/\/www.aman.com\/resorts\/amankora\/lodges\" target=\"_blank\">www.aman.com<\/a><\/div><div class=\"stay-location\">Punakha<\/div><div class=\"stay-category\">Luxury<\/div><\/div><div class=\"stay-description textup1\">Reach here via a suspension bridge \u2013 what a great way to add intrigue to your accommodation. Apart from just the entry intrigue, the hotel is a haven for those who want to be wedged in nature\u2019s lap. The Mo Chu River flows close to the resort and the rooms overlook paddy fields. There are only 8 suites, which ensure that you get personalized attention at all times. Local aesthetics in the architecture is an additional charm.<\/div><\/div><div class=\"stay item\"><h3 class=\"textup1\">Six Senses<span>Bhutan<\/span><\/h3><hr \/><div class=\"stay-info textup1\"><div class=\"stay-website\"><a href=\"https:\/\/www.sixsenses.com\/en\/resorts\/bhutan\" target=\"_blank\">www.sixsenses.com<\/a><\/div><div class=\"stay-location\">Gangtey<\/div><div class=\"stay-category\">Luxury<\/div><\/div><div class=\"stay-description textup1\">Six Senses Gangtey is strategically positioned above the black-necked crane conservation center with expansive 180 degree views of the Phobjikha Valley. With just eight suites and one two-bedroom villa, the intimate lodge\u2019s \u2018Birdwatching Bridge\u2019 is the central gathering point for lounging, dining and for unsurpassed viewing of the cranes in their habitat below.<\/div><\/div><\/div><\/div>[\/vc_column_text][\/vc_column_inner][\/vc_row_inner][\/vc_column][\/vc_row]<\/p>\n","protected":false},"excerpt":{"rendered":"<p>[vc_row type=&#8221;grid&#8221; css=&#8221;.vc_custom_1462033078187{padding-bottom: 50px !important;}&#8221;][vc_column][vc_tta_tabs style=&#8221;modern&#8221; shape=&#8221;square&#8221; color=&#8221;white&#8221; alignment=&#8221;center&#8221; active_section=&#8221;1&#8243; no_fill_content_area=&#8221;true&#8221; el_class=&#8221;destination-tabs&#8221;][vc_tta_section title=&#8221;Warum besuchen&#8221; tab_id=&#8221;why-visit&#8221;][vc_column_text]Einfaches Leben und hohes Denken ist das Heilsversprechen der\u00a0Bhutaner.\u00a0Bhutan\u00a0ist ein Land, das sein Gl\u00fcck statistisch erfasst (Bruttonationalgl\u00fcck) und von westlichen Einfl\u00fcssen wunderbar abgeschottet ist &#8211; ein Erlebnis der anderen Art. Die Kl\u00f6ster auf den H\u00fcgeln, das pulsierende Leben der Einheimischen, die [&hellip;]<\/p>\n","protected":false},"author":1,"featured_media":11289,"parent":0,"menu_order":0,"comment_status":"closed","ping_status":"closed","template":"template-country.php","meta":[],"aioseo_notices":[],"_links":{"self":[{"href":"https:\/\/www.indoasia-tours.com\/de\/wp-json\/wp\/v2\/pages\/11286"}],"collection":[{"href":"https:\/\/www.indoasia-tours.com\/de\/wp-json\/wp\/v2\/pages"}],"about":[{"href":"https:\/\/www.indoasia-tours.com\/de\/wp-json\/wp\/v2\/types\/page"}],"author":[{"embeddable":true,"href":"https:\/\/www.indoasia-tours.com\/de\/wp-json\/wp\/v2\/users\/1"}],"replies":[{"embeddable":true,"href":"https:\/\/www.indoasia-tours.com\/de\/wp-json\/wp\/v2\/comments?post=11286"}],"version-history":[{"count":6,"href":"https:\/\/www.indoasia-tours.com\/de\/wp-json\/wp\/v2\/pages\/11286\/revisions"}],"predecessor-version":[{"id":11656,"href":"https:\/\/www.indoasia-tours.com\/de\/wp-json\/wp\/v2\/pages\/11286\/revisions\/11656"}],"wp:featuredmedia":[{"embeddable":true,"href":"https:\/\/www.indoasia-tours.com\/de\/wp-json\/wp\/v2\/media\/11289"}],"wp:attachment":[{"href":"https:\/\/www.indoasia-tours.com\/de\/wp-json\/wp\/v2\/media?parent=11286"}],"curies":[{"name":"wp","href":"https:\/\/api.w.org\/{rel}","templated":true}]}}