{"id":11691,"date":"2016-05-19T06:24:18","date_gmt":"2016-05-19T06:24:18","guid":{"rendered":"https:\/\/www.indoasia-tours.com\/de\/religion\/"},"modified":"2023-01-19T11:07:40","modified_gmt":"2023-01-19T05:37:40","slug":"religioenen","status":"publish","type":"page","link":"https:\/\/www.indoasia-tours.com\/de\/religioenen\/","title":{"rendered":"Religioenen"},"content":{"rendered":"<p>[vc_row type=&#8221;full_width&#8221;][vc_column][vc_row_inner type=&#8221;grid&#8221;][vc_column_inner][vc_column_text]<\/p>\n<p class=\"textup1\" style=\"font-size: 24px; line-height: 31px !important; text-align: justify;\">Was dem Reisenden auf dem indischen Subkontinent unweigerlich auff\u00e4llt, ist die tiefe und intensive religi\u00f6se Ausstrahlung. Die Untert\u00f6ne der Religiosit\u00e4t ziehen sich wie ein roter Faden durch die Sehensw\u00fcrdigkeiten, Monumente, Feste, Gespr\u00e4che und Interaktionen. Dies zeigt den unersch\u00fctterlichen Glauben, mit dem die Menschen in diesen L\u00e4ndern leben. In gewissem Sinne verschwimmen die Grenzen und dies bildet f\u00fcr viele auch einen spirituellen Hintergrund. Allein die Einfl\u00fcsse vieler Religionen in Indien haben es zu einer reichen kulturellen Fundgrube f\u00fcr Generationen gemacht. Das gleiche Gef\u00fchl zieht sich durch die Anrainerstaaten.<\/p>\n<p>[\/vc_column_text][\/vc_column_inner][\/vc_row_inner][vc_row_inner type=&#8221;grid&#8221;][vc_column_inner width=&#8221;1\/2&#8243;][vc_column_text]Wenn man von einer Region zur anderen reist, bekommt man neben der vielf\u00e4ltigen Topographie auch den Einfluss der Religion zu sehen und zu erleben, der die Reiseziele gepr\u00e4gt hat. Hinduismus, Buddhismus, Islam, Christentum, Sikhismus und andere Religionen tragen dazu bei, eine gro\u00dfartige kulturelle Kulisse f\u00fcr Reisende zu schaffen. Es kann einen des Studierens des unendlichen Medleys des Studierens des sozialen Gef\u00fcges des Landes einstellen.[\/vc_column_text][\/vc_column_inner][vc_column_inner width=&#8221;1\/2&#8243;][vc_column_text]Nepal, Bhutan, Sri Lanka und die oberen Bereiche des indischen Himalaya geben Ihnen die M\u00f6glichkeit, in das einfache Leben des Buddhismus einzutauchen, auf dem indischen Festland zeigt die Inbrunst der religi\u00f6sen Feste die Energie und Ehrfurcht gegen\u00fcber dem Pantheon der G\u00f6tter und in den versteckten Bereichen finden Sie vielleicht sogar einzigartige Stammessekten, die der Natur gedenken. Unsere Reiserouten f\u00fchren Sie durch verschiedene kulturelle Mischungen, um den Einfluss der Religion auf dem Subkontinent zu zeigen.[\/vc_column_text][\/vc_column_inner][\/vc_row_inner][\/vc_column][\/vc_row][vc_row type=&#8221;full_width&#8221; css=&#8221;.vc_custom_1464324628276{background-color: #f8f8f8 !important;}&#8221;][vc_column]<h1 class=\"heading heading-centered heading-italic heading-underlined textup1\"><span style=\"font-size: 72px;\">Reiserouten<\/span><\/h1>[vc_row_inner type=&#8221;grid&#8221;][vc_column_inner][vc_column_text]<div class=\"itinerary\"><div class=\"row\"><div class=\"col-md-6\"><div class=\"row\"><div class=\"col-md-12\"><div class=\"itinerary-image\"><img src=\"https:\/\/www.indoasia-tours.com\/wp-content\/uploads\/2016\/05\/Footsteps-of-Buddha-1.jpg\" class=\"img-responsive\" \/><\/div><\/div><\/div><div class=\"row itinerary-social\"><div class=\"col-xs-6\"><a class=\"social-share\" href=\"https:\/\/twitter.com\/intent\/tweet?url=https%3A%2F%2Fwww.indoasia-tours.com%2Fde%2Fitinerary%2Fauf-den-spuren-von-buddha%2F&title=Auf+den+Spuren+von+Buddha\"><i class=\"fa fa-twitter\"><\/i> Tweet<\/a><\/div><div class=\"col-xs-6\"><a class=\"social-share\" href=\"https:\/\/www.facebook.com\/sharer\/sharer.php?u=https%3A%2F%2Fwww.indoasia-tours.com%2Fde%2Fitinerary%2Fauf-den-spuren-von-buddha%2F&title=Auf+den+Spuren+von+Buddha\"><i class=\"fa fa-facebook\"><\/i> Share<\/a><\/div>\n    <\/div><div class=\"row itinerary-media\"><\/div><\/div><div class=\"col-md-6\"><div class=\"row\"><div class=\"col-md-1\"><\/div><div class=\"col-md-11\"><div class=\"itinerary-title\"><a href=\"#\" class=\"itinerary-enquiry\" data-id=\"11695\"><img src=\"https:\/\/www.indoasia-tours.com\/wp-content\/themes\/iat\/images\/enquireimage.png\" \/>&nbsp;&nbsp;Anfragen<\/a><h3>Auf den Spuren von Buddha<\/h3><\/div><\/div><div class=\"col-md-1\"><\/div><div class=\"col-md-11\"><p class=\"itinerary-duration\">07 N\u00e4chte & 08 Tage<\/p><\/div><div class=\"col-md-1\"><img class=\"itinerary-icon\" src=\"https:\/\/www.indoasia-tours.com\/wp-content\/themes\/iat\/images\/overviewimage.png\" \/><\/div><div class=\"col-md-11\"><h4 class=\"itinerary-heading\">\u00dcberblick<\/h4><div class=\"itinerary-content\"><p>Diese Reiseroute f\u00fchrt Sie auf die Spuren Buddhas und die wichtigsten Orte, an denen er gelebt hat und seine Predigten gehalten hat. Die Reise ist eine spirituelle Erfahrung, bei der Sie reichlich Zeit haben, die Geschichte des Buddhismus mit unseren sachkundigen F\u00fchrern nachzuvollziehen und zu sehen, wie sich das Leben nach Hunderten von Jahren entwickelt hat.<\/p>\n<\/div><\/div><div class=\"col-md-1\"><img class=\"itinerary-icon\" src=\"https:\/\/www.indoasia-tours.com\/wp-content\/themes\/iat\/images\/topplaces.png\" \/><\/div><div class=\"col-md-11\"><h4 class=\"itinerary-heading\">Popul\u00e4re orte<\/h4><p class=\"itinerary-top-places\"><\/p><\/div><div class=\"col-md-1\"><img class=\"itinerary-icon\" src=\"https:\/\/www.indoasia-tours.com\/wp-content\/themes\/iat\/images\/highlights.png\" \/><\/div><div class=\"col-md-11\"><h4 class=\"itinerary-heading\">H \u00f6hepunkte<\/h4><p class=\"itinerary-highlights\">Gridhakuta-H\u00fcgel | Nalanda-Universit\u00e4t | Mahabodhi-Baum | Mahaparinirvana-Tempel | Mayadevi-Tempel | Sahet Mahet | Angulimal-H\u00f6hlen | Sarnath<\/p><\/div><div style=\"display:none\" class=\"col-md-1\"><i class=\"itinerary-icon fa fa-calendar\"><\/i><\/div><div class=\"col-md-11\" style=\"display:none\"><h4 class=\"itinerary-heading\">beste Reisezeit<\/h4><p ><\/p><\/div><\/div><\/div><\/div><\/div><div class=\"itinerary\"><div class=\"row\"><div class=\"col-md-6\"><div class=\"row\"><div class=\"col-md-1\"><\/div><div class=\"col-md-11\"><div class=\"itinerary-title\"><a href=\"#\" class=\"itinerary-enquiry\" data-id=\"11698\"><img src=\"https:\/\/www.indoasia-tours.com\/wp-content\/themes\/iat\/images\/enquireimage.png\" \/>&nbsp;&nbsp;Anfragen<\/a><h3>Religionen Indiens<\/h3><\/div><\/div><div class=\"col-md-1\"><\/div><div class=\"col-md-11\"><p class=\"itinerary-duration\">12 N\u00e4chte & 13 Tage<\/p><\/div><div class=\"col-md-1\"><img class=\"itinerary-icon\" src=\"https:\/\/www.indoasia-tours.com\/wp-content\/themes\/iat\/images\/overviewimage.png\" \/><\/div><div class=\"col-md-11\"><h4 class=\"itinerary-heading\">\u00dcberblick<\/h4><div class=\"itinerary-content\"><p>Das Wunderbare an Indien ist seine Vielfalt. Das, kombiniert mit den reichen kulturellen Einfl\u00fcssen der verschiedenen Dynastien, die \u00fcber unterschiedliche Gebiete herrschten, gibt Indien einen unvergleichlichen kulturellen Vorteil. Dazu kommt eine Vielzahl von religi\u00f6sen Sekten, die das Land zu einem der s\u00e4kularsten Orte der Welt machen. Sie werden wahrscheinlich Einfl\u00fcsse und aktive Kulturen sehen, die aus dem Hinduismus, dem Islam, dem Buddhismus, dem Sikhismus, dem Christentum, dem Judentum und anderen kleineren Sektionen hervorgegangen sind. Es ist diese multireligi\u00f6se und kulturelle Landschaft, die Indien zu einem interessanten Reiseziel macht.<\/p>\n<\/div><\/div><div class=\"col-md-1\"><img class=\"itinerary-icon\" src=\"https:\/\/www.indoasia-tours.com\/wp-content\/themes\/iat\/images\/topplaces.png\" \/><\/div><div class=\"col-md-11\"><h4 class=\"itinerary-heading\">Popul\u00e4re orte<\/h4><p class=\"itinerary-top-places\"><\/p><\/div><div class=\"col-md-1\"><img class=\"itinerary-icon\" src=\"https:\/\/www.indoasia-tours.com\/wp-content\/themes\/iat\/images\/highlights.png\" \/><\/div><div class=\"col-md-11\"><h4 class=\"itinerary-heading\">H \u00f6hepunkte<\/h4><p class=\"itinerary-highlights\">Rotes Fort | Jama Masjid | Goldener Tempel | Wagah-Grenze | Tibetisches Norbulinga-Institut | Pragpur | Felsengarten | Ganga Aarti | Bangla Sahib Gurudwara | Taj Mahal<\/p><\/div><div style=\"display:none\" class=\"col-md-1\"><i class=\"itinerary-icon fa fa-calendar\"><\/i><\/div><div class=\"col-md-11\" style=\"display:none\"><h4 class=\"itinerary-heading\">beste Reisezeit<\/h4><p ><\/p><\/div><\/div><\/div><div class=\"col-md-6\"><div class=\"row\"><div class=\"col-md-12\"><div class=\"itinerary-image\"><img src=\"https:\/\/www.indoasia-tours.com\/wp-content\/uploads\/2016\/05\/Religions-of-India.jpg\" class=\"img-responsive\" \/><\/div><\/div><\/div><div class=\"row itinerary-social\"><div class=\"col-xs-6\"><a class=\"social-share\" href=\"https:\/\/twitter.com\/intent\/tweet?url=https%3A%2F%2Fwww.indoasia-tours.com%2Fde%2Fitinerary%2Freligionen-indiens%2F&title=Religionen+Indiens\"><i class=\"fa fa-twitter\"><\/i> Tweet<\/a><\/div><div class=\"col-xs-6\"><a class=\"social-share\" href=\"https:\/\/www.facebook.com\/sharer\/sharer.php?u=https%3A%2F%2Fwww.indoasia-tours.com%2Fde%2Fitinerary%2Freligionen-indiens%2F&title=Religionen+Indiens\"><i class=\"fa fa-facebook\"><\/i> Share<\/a><\/div>\n    <\/div><div class=\"row itinerary-media\"><\/div><\/div><\/div><\/div><div class=\"itinerary\"><div class=\"row\"><div class=\"col-md-6\"><div class=\"row\"><div class=\"col-md-12\"><div class=\"itinerary-image\"><img src=\"https:\/\/www.indoasia-tours.com\/wp-content\/uploads\/2016\/05\/Footsteps-of-Christianity.jpg\" class=\"img-responsive\" \/><\/div><\/div><\/div><div class=\"row itinerary-social\"><div class=\"col-xs-6\"><a class=\"social-share\" href=\"https:\/\/twitter.com\/intent\/tweet?url=https%3A%2F%2Fwww.indoasia-tours.com%2Fde%2Fitinerary%2Ffussstapfen-des-christentums%2F&title=Fu%C3%9Fstapfen+des+Christentums\"><i class=\"fa fa-twitter\"><\/i> Tweet<\/a><\/div><div class=\"col-xs-6\"><a class=\"social-share\" href=\"https:\/\/www.facebook.com\/sharer\/sharer.php?u=https%3A%2F%2Fwww.indoasia-tours.com%2Fde%2Fitinerary%2Ffussstapfen-des-christentums%2F&title=Fu%C3%9Fstapfen+des+Christentums\"><i class=\"fa fa-facebook\"><\/i> Share<\/a><\/div>\n    <\/div><div class=\"row itinerary-media\"><\/div><\/div><div class=\"col-md-6\"><div class=\"row\"><div class=\"col-md-1\"><\/div><div class=\"col-md-11\"><div class=\"itinerary-title\"><a href=\"#\" class=\"itinerary-enquiry\" data-id=\"11699\"><img src=\"https:\/\/www.indoasia-tours.com\/wp-content\/themes\/iat\/images\/enquireimage.png\" \/>&nbsp;&nbsp;Anfragen<\/a><h3>Fu\u00dfstapfen des Christentums<\/h3><\/div><\/div><div class=\"col-md-1\"><\/div><div class=\"col-md-11\"><p class=\"itinerary-duration\">13 N\u00e4chte & 14 Tage<\/p><\/div><div class=\"col-md-1\"><img class=\"itinerary-icon\" src=\"https:\/\/www.indoasia-tours.com\/wp-content\/themes\/iat\/images\/overviewimage.png\" \/><\/div><div class=\"col-md-11\"><h4 class=\"itinerary-heading\">\u00dcberblick<\/h4><div class=\"itinerary-content\"><p>Das Christentum hat die drittgr\u00f6\u00dfte Anh\u00e4ngerschaft in Indien und\u00a0\u00a0eine faszinierende Spur aus geschichtlicher Sicht. Viele Jahrhunderte lang war Indien wegen Gew\u00fcrze, Baumwolle, Elfenbein, Edelsteine im Visier von H\u00e4ndlern. Dies brachte einen Zustrom verschiedener Religionen mit sich und das Christentum war eine davon. Bis zum heutigen Tag erheben sich alte Kathedralen und Kirchen \u00fcber die K\u00fcstend\u00f6rfer und bereichern das Land in seinem sozialen und historischen Gef\u00fcge.<\/p>\n<\/div><\/div><div class=\"col-md-1\"><img class=\"itinerary-icon\" src=\"https:\/\/www.indoasia-tours.com\/wp-content\/themes\/iat\/images\/topplaces.png\" \/><\/div><div class=\"col-md-11\"><h4 class=\"itinerary-heading\">Popul\u00e4re orte<\/h4><p class=\"itinerary-top-places\"><\/p><\/div><div class=\"col-md-1\"><img class=\"itinerary-icon\" src=\"https:\/\/www.indoasia-tours.com\/wp-content\/themes\/iat\/images\/highlights.png\" \/><\/div><div class=\"col-md-11\"><h4 class=\"itinerary-heading\">H \u00f6hepunkte<\/h4><p class=\"itinerary-highlights\">Chinesische Fischernetze | J\u00fcdische Synagoge | Malayatoor Kirche | Mar Thoma Kirche | Periyar Nationalpark | Hausboote | Sri Meenakshi Tempel | Ashram von Bede Griffits | Vailankanni | D\u00e4nische Schwarz Kirche | Auroville | Fort St. George.<\/p><\/div><div style=\"display:none\" class=\"col-md-1\"><i class=\"itinerary-icon fa fa-calendar\"><\/i><\/div><div class=\"col-md-11\" style=\"display:none\"><h4 class=\"itinerary-heading\">beste Reisezeit<\/h4><p ><\/p><\/div><\/div><\/div><\/div><\/div><div class=\"itinerary\"><div class=\"row\"><div class=\"col-md-6\"><div class=\"row\"><div class=\"col-md-1\"><\/div><div class=\"col-md-11\"><div class=\"itinerary-title\"><a href=\"#\" class=\"itinerary-enquiry\" data-id=\"11700\"><img src=\"https:\/\/www.indoasia-tours.com\/wp-content\/themes\/iat\/images\/enquireimage.png\" \/>&nbsp;&nbsp;Anfragen<\/a><h3>Religion in Nepal<\/h3><\/div><\/div><div class=\"col-md-1\"><\/div><div class=\"col-md-11\"><p class=\"itinerary-duration\">08 N\u00e4chte & 09 Tage<\/p><\/div><div class=\"col-md-1\"><img class=\"itinerary-icon\" src=\"https:\/\/www.indoasia-tours.com\/wp-content\/themes\/iat\/images\/overviewimage.png\" \/><\/div><div class=\"col-md-11\"><h4 class=\"itinerary-heading\">\u00dcberblick<\/h4><div class=\"itinerary-content\"><p>Der Hinduismus ist eine der Hauptreligionen in der Himalaya-Nation Nepal; in der Tat ist es eines der Hauptreiseziele f\u00fcr alte Tempel, mit ganzen St\u00e4dten, die ihnen gewidmet sind. Die beruhigende Atmosph\u00e4re der Berge, kombiniert mit der spirituellen Essenz der Tempel und Schreine, wird Sie sicher in eine Atmosph\u00e4re der Ruhe und Gelassenheit versetzen.<\/p>\n<\/div><\/div><div class=\"col-md-1\"><img class=\"itinerary-icon\" src=\"https:\/\/www.indoasia-tours.com\/wp-content\/themes\/iat\/images\/topplaces.png\" \/><\/div><div class=\"col-md-11\"><h4 class=\"itinerary-heading\">Popul\u00e4re orte<\/h4><p class=\"itinerary-top-places\"><\/p><\/div><div class=\"col-md-1\"><img class=\"itinerary-icon\" src=\"https:\/\/www.indoasia-tours.com\/wp-content\/themes\/iat\/images\/highlights.png\" \/><\/div><div class=\"col-md-11\"><h4 class=\"itinerary-heading\">H \u00f6hepunkte<\/h4><p class=\"itinerary-highlights\">Kathmandu Durbar-Platz | Dakshinkali | Sheshnarayan | Patan | Manakamana | Pashupathinath | Boudhanath | Bindhabasini-Tempel | Swoyambhunath | Bhaktapur<\/p><\/div><div style=\"display:none\" class=\"col-md-1\"><i class=\"itinerary-icon fa fa-calendar\"><\/i><\/div><div class=\"col-md-11\" style=\"display:none\"><h4 class=\"itinerary-heading\">beste Reisezeit<\/h4><p ><\/p><\/div><\/div><\/div><div class=\"col-md-6\"><div class=\"row\"><div class=\"col-md-12\"><div class=\"itinerary-image\"><img src=\"https:\/\/www.indoasia-tours.com\/wp-content\/uploads\/2016\/05\/Religion-in-Nepal.jpg\" class=\"img-responsive\" \/><\/div><\/div><\/div><div class=\"row itinerary-social\"><div class=\"col-xs-6\"><a class=\"social-share\" href=\"https:\/\/twitter.com\/intent\/tweet?url=https%3A%2F%2Fwww.indoasia-tours.com%2Fde%2Fitinerary%2Freligion-in-nepal%2F&title=Religion+in+Nepal\"><i class=\"fa fa-twitter\"><\/i> Tweet<\/a><\/div><div class=\"col-xs-6\"><a class=\"social-share\" href=\"https:\/\/www.facebook.com\/sharer\/sharer.php?u=https%3A%2F%2Fwww.indoasia-tours.com%2Fde%2Fitinerary%2Freligion-in-nepal%2F&title=Religion+in+Nepal\"><i class=\"fa fa-facebook\"><\/i> Share<\/a><\/div>\n    <\/div><div class=\"row itinerary-media\"><\/div><\/div><\/div><\/div><div class=\"itinerary\"><div class=\"row\"><div class=\"col-md-6\"><div class=\"row\"><div class=\"col-md-12\"><div class=\"itinerary-image\"><img src=\"https:\/\/www.indoasia-tours.com\/wp-content\/uploads\/2016\/05\/buddha-nepal.jpg\" class=\"img-responsive\" \/><\/div><\/div><\/div><div class=\"row itinerary-social\"><div class=\"col-xs-6\"><a class=\"social-share\" href=\"https:\/\/twitter.com\/intent\/tweet?url=https%3A%2F%2Fwww.indoasia-tours.com%2Fde%2Fitinerary%2Fbuddhismus-in-bhutan%2F&title=Buddhismus+in+Bhutan\"><i class=\"fa fa-twitter\"><\/i> Tweet<\/a><\/div><div class=\"col-xs-6\"><a class=\"social-share\" href=\"https:\/\/www.facebook.com\/sharer\/sharer.php?u=https%3A%2F%2Fwww.indoasia-tours.com%2Fde%2Fitinerary%2Fbuddhismus-in-bhutan%2F&title=Buddhismus+in+Bhutan\"><i class=\"fa fa-facebook\"><\/i> Share<\/a><\/div>\n    <\/div><div class=\"row itinerary-media\"><\/div><\/div><div class=\"col-md-6\"><div class=\"row\"><div class=\"col-md-1\"><\/div><div class=\"col-md-11\"><div class=\"itinerary-title\"><a href=\"#\" class=\"itinerary-enquiry\" data-id=\"11701\"><img src=\"https:\/\/www.indoasia-tours.com\/wp-content\/themes\/iat\/images\/enquireimage.png\" \/>&nbsp;&nbsp;Anfragen<\/a><h3>Buddhismus in Bhutan<\/h3><\/div><\/div><div class=\"col-md-1\"><\/div><div class=\"col-md-11\"><p class=\"itinerary-duration\">06 N\u00e4chte & 07 Tage<\/p><\/div><div class=\"col-md-1\"><img class=\"itinerary-icon\" src=\"https:\/\/www.indoasia-tours.com\/wp-content\/themes\/iat\/images\/overviewimage.png\" \/><\/div><div class=\"col-md-11\"><h4 class=\"itinerary-heading\">\u00dcberblick<\/h4><div class=\"itinerary-content\"><p>Die hohen Berge Bhutans verbergen in sich verschiedene mystische und beruhigende Schwingungen. Vieles davon kommt von den Ges\u00e4ngen aus den Kl\u00f6stern auf den H\u00fcgeln. Bhutan ist die Heimat der tibetischen Buddhisten und einer Vielzahl von bemerkenswerten Kl\u00f6stern. Besuchen Sie dieses Land, um sich anhand der strategischen Festungen, die als Dzongs bekannt sind, und der zahlreichen alten Tempel, Kl\u00f6ster und Stupas \u00fcber die Religion dieses alten Landes zu informieren. Eine Reise nach Bhutan allein, aus dem gesamten Subkontinent, ist ein reichhaltiger Lobgesang der Religion.<\/p>\n<\/div><\/div><div class=\"col-md-1\"><img class=\"itinerary-icon\" src=\"https:\/\/www.indoasia-tours.com\/wp-content\/themes\/iat\/images\/topplaces.png\" \/><\/div><div class=\"col-md-11\"><h4 class=\"itinerary-heading\">Popul\u00e4re orte<\/h4><p class=\"itinerary-top-places\"><\/p><\/div><div class=\"col-md-1\"><img class=\"itinerary-icon\" src=\"https:\/\/www.indoasia-tours.com\/wp-content\/themes\/iat\/images\/highlights.png\" \/><\/div><div class=\"col-md-11\"><h4 class=\"itinerary-heading\">H \u00f6hepunkte<\/h4><p class=\"itinerary-highlights\">Paro Dzong | National Memorial Choerten | Nationalbibliothek | Sangchhen Dorji Lhuendrup Lhakhang Nonnenkloster | Chimi Lhakhang | Tiger Nest<\/p><\/div><div style=\"display:none\" class=\"col-md-1\"><i class=\"itinerary-icon fa fa-calendar\"><\/i><\/div><div class=\"col-md-11\" style=\"display:none\"><h4 class=\"itinerary-heading\">beste Reisezeit<\/h4><p ><\/p><\/div><\/div><\/div><\/div><\/div><div class=\"itinerary-form\" id=\"itinerary_form\" data-redirect=\"https:\/\/www.indoasia-tours.com\/thanks\/\" style=\"display:none;\"><form><div class=\"container\"><div class=\"lightbox-header\"><div class=\"row\"><div class=\"col-md-12\"><h1>Anfrage f\u00fcr das Tour-Programm<\/h1><\/div><\/div><\/div><div class=\"lightbox-body\"><div class=\"row\"><div class=\"col-md-12 notify\"><\/div><\/div><div class=\"row\"><div class=\"col-md-4 col-md-offset-4\"><div class=\"form-group\"><div class=\"btn-group btn-group-justified\" data-toggle=\"buttons\"><label class=\"btn btn-warning active\"><input type=\"radio\" name=\"type\" value=\"agency\" autocomplete=\"off\"> Agentur<\/label><label class=\"btn btn-warning\"><input type=\"radio\" name=\"type\" value=\"client\" autocomplete=\"off\"> Kunde<\/label><\/div><\/div><\/div><!--.col-md-4--><\/div><!--.row--><div class=\"fill-user-details\"><div class=\"row\"><div class=\"col-md-4\"><div class=\"form-group\"><select name=\"itinerary\" class=\"form-control\"><option value=\"11695\">Auf den Spuren von Buddha<\/option><option value=\"11698\">Religionen Indiens<\/option><option value=\"11699\">Fu\u00dfstapfen des Christentums<\/option><option value=\"11700\">Religion in Nepal<\/option><option value=\"11701\">Buddhismus in Bhutan<\/option><\/select><\/div><\/div><!--.col-md-4--><div class=\"col-md-4\"><div class=\"form-group input-group\"><input type=\"text\" class=\"form-control\" name=\"first_name\" placeholder=\"Vorname\" required><span class=\"input-group-addon\"><i class=\"fa fa-user\"><\/i><\/span><\/div><\/div><!--.col-md-4--><div class=\"col-md-4\"><div class=\"form-group input-group\"><input type=\"text\" class=\"form-control\" name=\"last_name\" placeholder=\"Nachname\" required><span class=\"input-group-addon\"><i class=\"fa fa-user\"><\/i><\/span><\/div><\/div><!--.col-md-4--><\/div><!--.row--><div class=\"row\"><div class=\"col-md-4\"><div class=\"form-group input-group\"><input type=\"email\" class=\"form-control\" name=\"email\" placeholder=\"Email\" required><span class=\"input-group-addon\"><i class=\"fa fa-envelope\"><\/i><\/span><\/div><\/div><!--.col-md-4--><div class=\"col-md-4\"><div class=\"form-group input-group\"><input type=\"text\" class=\"form-control\" name=\"phone\" placeholder=\"Telefonnummer\" required><span class=\"input-group-addon\"><i class=\"fa fa-phone\"><\/i><\/span><\/div><\/div><!--.col-md-4--><div class=\"col-md-4\"><div class=\"form-group input-group\"><input type=\"text\" class=\"form-control\" name=\"country\" placeholder=\"Land\"><span class=\"input-group-addon\"><i class=\"fa fa-globe\"><\/i><\/span><\/div><\/div><!--.col-md-4--><\/div><!--.row--><div class=\"row agency-area\"><div class=\"col-md-4\"><div class=\"form-group input-group\"><input type=\"text\" class=\"form-control\" name=\"city\" placeholder=\"Stadt\"><span class=\"input-group-addon\"><i class=\"fa fa-map-marker\"><\/i><\/span><\/div><\/div><!--.col-md-4--><div class=\"col-md-4\"><div class=\"form-group input-group\"><input type=\"text\" class=\"form-control\" name=\"state\" placeholder=\"Staat\"><span class=\"input-group-addon\"><i class=\"fa fa-globe\"><\/i><\/span><\/div><\/div><!--.col-md-4--><div class=\"col-md-4\"><div class=\"form-group input-group\"><input type=\"text\" class=\"form-control\" name=\"destinations\" placeholder=\"Destinations\"><span class=\"input-group-addon\"><i class=\"fa fa-plane\"><\/i><\/span><\/div><\/div><!--.col-md-4--><\/div><!--.row--><div class=\"row agency-area\"><div class=\"col-md-4\"><div class=\"form-group input-group\"><input type=\"text\" class=\"form-control\" name=\"company_name\" placeholder=\"name der Firma\" required><span class=\"input-group-addon\"><i class=\"fa fa-building\"><\/i><\/span><\/div><\/div><!--.col-md-4--><div class=\"col-md-4\"><div class=\"form-group input-group\"><input type=\"text\" class=\"form-control\" name=\"company_website\" placeholder=\"Website der Firma\"><span class=\"input-group-addon\"><i class=\"fa fa-link\"><\/i><\/span><\/div><\/div><!--.col-md-4--><div class=\"col-md-4\"><div class=\"form-group input-group\"><input type=\"text\" class=\"form-control\" name=\"persons\" placeholder=\"Anzahl der Personen\"><span class=\"input-group-addon\"><i class=\"fa fa-users\"><\/i><\/span><\/div><\/div><!--.col-md-4--><\/div><!--.row--><div class=\"row\"><div class=\"col-md-4\"><div class=\"form-group input-group\"><input type=\"text\" class=\"form-control datepicker\" name=\"arrival_date\" placeholder=\"Ankunftdatum\" required><span class=\"input-group-addon\"><i class=\"fa fa-calendar\"><\/i><\/span><\/div><\/div><!--.col-md-4--><div class=\"col-md-4\"><div class=\"form-group input-group\"><input type=\"text\" class=\"form-control datepicker\" name=\"departure_date\" placeholder=\"Abreisedatum\" required><span class=\"input-group-addon\"><i class=\"fa fa-calendar\"><\/i><\/span><\/div><\/div><!--.col-md-4--><div class=\"col-md-4\"><div class=\"form-group input-group\"><input type=\"text\" class=\"form-control\" name=\"hotel_category\" placeholder=\"Hotelkategorie\"><span class=\"input-group-addon\"><i class=\"fa fa-bed\"><\/i><\/span><\/div><\/div><!--.col-md-4--><\/div><!--.row--><div class=\"row\"><div class=\"col-md-4 address-area\"><div class=\"form-group\"><textarea class=\"form-control\" name=\"address\" placeholder=\"Adresse\"><\/textarea><\/div><\/div><!--.col-md-4--><div class=\"col-md-4 preference-area\"><div class=\"form-group\"><textarea class=\"form-control\" name=\"your_preferences\" placeholder=\"Ihre W\u00fcnsche\"><\/textarea><\/div><\/div><!--.col-md-4--><div class=\"col-md-4\"><div class=\"form-group captcha-group\"><input type=\"text\" class=\"form-control\" name=\"captcha_code\" placeholder=\"Sicherheitscodenummer\" required><a href=\"#\" class=\"captcha-refresh\"><i class=\"fa fa-refresh\" aria-hidden=\"true\"><\/i><\/a><img class=\"captcha\" id=\"captcha\" src=\"https:\/\/www.indoasia-tours.com\/wp-content\/themes\/iat\/inc\/securimage\/securimage_show.php\" alt=\"CAPTCHA Image\" width=\"100\" height=\"30\" \/><\/div><div class=\"form-group\"><input class=\"btn btn-warning btn-block\" type=\"submit\" value=\"Absenden\"><\/div><\/div><!--.col-md-4--><\/div><!--.row--><\/div><\/div><\/div><input type=\"hidden\" name=\"action\" value=\"itineraries_form_action\" \/><input type=\"hidden\" id=\"_iat_nonce\" name=\"_iat_nonce\" value=\"c2ae40677b\" \/><input type=\"hidden\" name=\"_wp_http_referer\" value=\"\/de\/wp-json\/wp\/v2\/pages\/11691\" \/><\/form><\/div>[\/vc_column_text][\/vc_column_inner][\/vc_row_inner][\/vc_column][\/vc_row]<\/p>\n","protected":false},"excerpt":{"rendered":"<p>[vc_row type=&#8221;full_width&#8221;][vc_column][vc_row_inner type=&#8221;grid&#8221;][vc_column_inner][vc_column_text] Was dem Reisenden auf dem indischen Subkontinent unweigerlich auff\u00e4llt, ist die tiefe und intensive religi\u00f6se Ausstrahlung. Die Untert\u00f6ne der Religiosit\u00e4t ziehen sich wie ein roter Faden durch die Sehensw\u00fcrdigkeiten, Monumente, Feste, Gespr\u00e4che und Interaktionen. Dies zeigt den unersch\u00fctterlichen Glauben, mit dem die Menschen in diesen L\u00e4ndern leben. In gewissem Sinne verschwimmen die [&hellip;]<\/p>\n","protected":false},"author":1,"featured_media":0,"parent":0,"menu_order":0,"comment_status":"closed","ping_status":"closed","template":"","meta":[],"aioseo_notices":[],"_links":{"self":[{"href":"https:\/\/www.indoasia-tours.com\/de\/wp-json\/wp\/v2\/pages\/11691"}],"collection":[{"href":"https:\/\/www.indoasia-tours.com\/de\/wp-json\/wp\/v2\/pages"}],"about":[{"href":"https:\/\/www.indoasia-tours.com\/de\/wp-json\/wp\/v2\/types\/page"}],"author":[{"embeddable":true,"href":"https:\/\/www.indoasia-tours.com\/de\/wp-json\/wp\/v2\/users\/1"}],"replies":[{"embeddable":true,"href":"https:\/\/www.indoasia-tours.com\/de\/wp-json\/wp\/v2\/comments?post=11691"}],"version-history":[{"count":3,"href":"https:\/\/www.indoasia-tours.com\/de\/wp-json\/wp\/v2\/pages\/11691\/revisions"}],"predecessor-version":[{"id":11713,"href":"https:\/\/www.indoasia-tours.com\/de\/wp-json\/wp\/v2\/pages\/11691\/revisions\/11713"}],"wp:attachment":[{"href":"https:\/\/www.indoasia-tours.com\/de\/wp-json\/wp\/v2\/media?parent=11691"}],"curies":[{"name":"wp","href":"https:\/\/api.w.org\/{rel}","templated":true}]}}